{"id":8,"date":"2024-10-16T18:04:31","date_gmt":"2024-10-16T18:04:31","guid":{"rendered":"https:\/\/mawtparis.com\/?page_id=8"},"modified":"2025-02-06T09:23:19","modified_gmt":"2025-02-06T09:23:19","slug":"comingsoon","status":"publish","type":"page","link":"https:\/\/waltaha.com\/","title":{"rendered":"Coming soon"},"content":{"rendered":"\t\t<div data-elementor-type=\"wp-post\" data-elementor-id=\"8\" class=\"elementor elementor-8\">\n\t\t\t\t<div class=\"elementor-element elementor-element-0bdb911 e-con-full e-flex e-con e-parent\" data-id=\"0bdb911\" data-element_type=\"container\" data-e-type=\"container\" data-settings=\"{&quot;background_background&quot;:&quot;classic&quot;}\">\n\t\t\t\t<div class=\"elementor-element elementor-element-43760cf elementor-widget elementor-widget-image\" data-id=\"43760cf\" data-element_type=\"widget\" data-e-type=\"widget\" data-widget_type=\"image.default\">\n\t\t\t\t<div class=\"elementor-widget-container\">\n\t\t\t\t\t\t\t\t\t\t\t\t\t\t\t<img fetchpriority=\"high\" decoding=\"async\" width=\"300\" height=\"181\" src=\"https:\/\/waltaha.com\/wp-content\/uploads\/2024\/11\/waltaha-logo.png\" class=\"attachment-medium size-medium wp-image-330\" alt=\"\" \/>\t\t\t\t\t\t\t\t\t\t\t\t\t\t\t<\/div>\n\t\t\t\t<\/div>\n\t\t\t\t<\/div>\n\t\t<div class=\"elementor-element elementor-element-3b27250 e-con-full e-flex e-con e-parent\" data-id=\"3b27250\" data-element_type=\"container\" data-e-type=\"container\" data-settings=\"{&quot;background_background&quot;:&quot;classic&quot;}\">\n\t\t\t\t<div class=\"elementor-element elementor-element-a13216d elementor-widget__width-initial elementor-widget elementor-widget-text-editor\" data-id=\"a13216d\" data-element_type=\"widget\" data-e-type=\"widget\" data-widget_type=\"text-editor.default\">\n\t\t\t\t<div class=\"elementor-widget-container\">\n\t\t\t\t\t\t\t\t\t<p><span style=\"white-space-collapse: preserve;\">V\u00eatements<br \/>f\u00e9minins modestes<\/span><\/p>\t\t\t\t\t\t\t\t<\/div>\n\t\t\t\t<\/div>\n\t\t\t\t<div class=\"elementor-element elementor-element-6377423 elementor-widget__width-initial elementor-widget elementor-widget-heading\" data-id=\"6377423\" data-element_type=\"widget\" data-e-type=\"widget\" data-widget_type=\"heading.default\">\n\t\t\t\t<div class=\"elementor-widget-container\">\n\t\t\t\t\t<h2 class=\"elementor-heading-title elementor-size-default\">Bient\u00f4t disponible<\/h2>\t\t\t\t<\/div>\n\t\t\t\t<\/div>\n\t\t\t\t<\/div>\n\t\t<div class=\"elementor-element elementor-element-379f6b4 e-flex e-con-boxed e-con e-parent\" data-id=\"379f6b4\" data-element_type=\"container\" data-e-type=\"container\" data-settings=\"{&quot;background_background&quot;:&quot;classic&quot;}\">\n\t\t\t\t\t<div class=\"e-con-inner\">\n\t\t\t\t<div class=\"elementor-element elementor-element-9a5c663 elementor-widget elementor-widget-spacer\" data-id=\"9a5c663\" data-element_type=\"widget\" data-e-type=\"widget\" data-widget_type=\"spacer.default\">\n\t\t\t\t<div class=\"elementor-widget-container\">\n\t\t\t\t\t\t\t<div class=\"elementor-spacer\">\n\t\t\t<div class=\"elementor-spacer-inner\"><\/div>\n\t\t<\/div>\n\t\t\t\t\t\t<\/div>\n\t\t\t\t<\/div>\n\t\t\t\t<div class=\"elementor-element elementor-element-0795aed elementor-widget elementor-widget-heading\" data-id=\"0795aed\" data-element_type=\"widget\" data-e-type=\"widget\" data-widget_type=\"heading.default\">\n\t\t\t\t<div class=\"elementor-widget-container\">\n\t\t\t\t\t<h2 class=\"elementor-heading-title elementor-size-default\">Rejoignez notre club<\/h2>\t\t\t\t<\/div>\n\t\t\t\t<\/div>\n\t\t\t\t<div class=\"elementor-element elementor-element-4ebfc5a elementor-widget elementor-widget-text-editor\" data-id=\"4ebfc5a\" data-element_type=\"widget\" data-e-type=\"widget\" data-widget_type=\"text-editor.default\">\n\t\t\t\t<div class=\"elementor-widget-container\">\n\t\t\t\t\t\t\t\t\t<p>Inscrivez-vous \u00e0 notre newsletter et recevez <strong>10% de r\u00e9duction<\/strong> sur votre premi\u00e8re commande<\/p>\t\t\t\t\t\t\t\t<\/div>\n\t\t\t\t<\/div>\n\t\t\t\t<div class=\"elementor-element elementor-element-c26c629 elementor-widget elementor-widget-html\" data-id=\"c26c629\" data-element_type=\"widget\" data-e-type=\"widget\" data-widget_type=\"html.default\">\n\t\t\t\t<div class=\"elementor-widget-container\">\n\t\t\t\t\t<script charset=\"utf-8\" \ntype=\"text\/javascript\" src=\"\/\/js.hsforms.net\/forms\/embed\/v2.js\"><\/script>\n\n<script>\n  hbspt.forms.create({\n    portalId: \"49156108\",\n    formId: \"f0532a8d-dcbf-4c45-b096-8c675abc89ce\"\n  });\n<\/script>\n\t\t\t\t<\/div>\n\t\t\t\t<\/div>\n\t\t\t\t<div class=\"elementor-element elementor-element-70aab0b elementor-widget elementor-widget-spacer\" data-id=\"70aab0b\" data-element_type=\"widget\" data-e-type=\"widget\" data-widget_type=\"spacer.default\">\n\t\t\t\t<div class=\"elementor-widget-container\">\n\t\t\t\t\t\t\t<div class=\"elementor-spacer\">\n\t\t\t<div class=\"elementor-spacer-inner\"><\/div>\n\t\t<\/div>\n\t\t\t\t\t\t<\/div>\n\t\t\t\t<\/div>\n\t\t\t\t\t<\/div>\n\t\t\t\t<\/div>\n\t\t<div class=\"elementor-element elementor-element-7b8a085 e-con-full e-flex e-con e-parent\" data-id=\"7b8a085\" data-element_type=\"container\" data-e-type=\"container\" data-settings=\"{&quot;background_background&quot;:&quot;classic&quot;}\">\n\t\t\t\t<div class=\"elementor-element elementor-element-36456d9 elementor-widget elementor-widget-text-editor\" data-id=\"36456d9\" data-element_type=\"widget\" data-e-type=\"widget\" data-widget_type=\"text-editor.default\">\n\t\t\t\t<div class=\"elementor-widget-container\">\n\t\t\t\t\t\t\t\t\t<p><strong>Le lancement est pr\u00e9vu<\/strong><\/p>\t\t\t\t\t\t\t\t<\/div>\n\t\t\t\t<\/div>\n\t\t\t\t<div class=\"elementor-element elementor-element-1199da6 elementor-widget elementor-widget-text-editor\" data-id=\"1199da6\" data-element_type=\"widget\" data-e-type=\"widget\" data-widget_type=\"text-editor.default\">\n\t\t\t\t<div class=\"elementor-widget-container\">\n\t\t\t\t\t\t\t\t\t<p>pour l&#8217;\u00e9t\u00e9<\/p>\t\t\t\t\t\t\t\t<\/div>\n\t\t\t\t<\/div>\n\t\t\t\t<div class=\"elementor-element elementor-element-672b690 elementor-widget elementor-widget-text-editor\" data-id=\"672b690\" data-element_type=\"widget\" data-e-type=\"widget\" data-widget_type=\"text-editor.default\">\n\t\t\t\t<div class=\"elementor-widget-container\">\n\t\t\t\t\t\t\t\t\t<p>2025<\/p>\t\t\t\t\t\t\t\t<\/div>\n\t\t\t\t<\/div>\n\t\t\t\t<\/div>\n\t\t<div class=\"elementor-element elementor-element-9da750b e-flex e-con-boxed e-con e-parent\" data-id=\"9da750b\" data-element_type=\"container\" data-e-type=\"container\" data-settings=\"{&quot;background_background&quot;:&quot;classic&quot;}\">\n\t\t\t\t\t<div class=\"e-con-inner\">\n\t\t\t\t<div class=\"elementor-element elementor-element-0a6f1dd elementor-widget elementor-widget-spacer\" data-id=\"0a6f1dd\" data-element_type=\"widget\" data-e-type=\"widget\" data-widget_type=\"spacer.default\">\n\t\t\t\t<div class=\"elementor-widget-container\">\n\t\t\t\t\t\t\t<div class=\"elementor-spacer\">\n\t\t\t<div class=\"elementor-spacer-inner\"><\/div>\n\t\t<\/div>\n\t\t\t\t\t\t<\/div>\n\t\t\t\t<\/div>\n\t\t\t\t<div class=\"elementor-element elementor-element-5a775d0 elementor-widget__width-inherit elementor-widget elementor-widget-text-editor\" data-id=\"5a775d0\" data-element_type=\"widget\" data-e-type=\"widget\" data-widget_type=\"text-editor.default\">\n\t\t\t\t<div class=\"elementor-widget-container\">\n\t\t\t\t\t\t\t\t\t<p>Des tenues modestes et traditionnelles, revisit\u00e9es avec une touche de modernit\u00e9<\/p>\t\t\t\t\t\t\t\t<\/div>\n\t\t\t\t<\/div>\n\t\t<div class=\"elementor-element elementor-element-f67cc3d e-con-full e-grid e-con e-child\" data-id=\"f67cc3d\" data-element_type=\"container\" data-e-type=\"container\">\n\t\t\t\t<div class=\"elementor-element elementor-element-be1a18a elementor-widget elementor-widget-image\" data-id=\"be1a18a\" data-element_type=\"widget\" data-e-type=\"widget\" data-widget_type=\"image.default\">\n\t\t\t\t<div class=\"elementor-widget-container\">\n\t\t\t\t\t\t\t\t\t\t\t\t\t\t\t<img decoding=\"async\" width=\"400\" height=\"400\" src=\"https:\/\/waltaha.com\/wp-content\/uploads\/2024\/12\/image-102.png\" class=\"attachment-large size-large wp-image-387\" alt=\"\" \/>\t\t\t\t\t\t\t\t\t\t\t\t\t\t\t<\/div>\n\t\t\t\t<\/div>\n\t\t\t\t<div class=\"elementor-element elementor-element-6b9b851 elementor-widget elementor-widget-image\" data-id=\"6b9b851\" data-element_type=\"widget\" data-e-type=\"widget\" data-widget_type=\"image.default\">\n\t\t\t\t<div class=\"elementor-widget-container\">\n\t\t\t\t\t\t\t\t\t\t\t\t\t\t\t<img decoding=\"async\" width=\"400\" height=\"400\" src=\"https:\/\/waltaha.com\/wp-content\/uploads\/2024\/12\/image-109.png\" class=\"attachment-large size-large wp-image-383\" alt=\"\" \/>\t\t\t\t\t\t\t\t\t\t\t\t\t\t\t<\/div>\n\t\t\t\t<\/div>\n\t\t\t\t<div class=\"elementor-element elementor-element-3bb2395 elementor-widget elementor-widget-image\" data-id=\"3bb2395\" data-element_type=\"widget\" data-e-type=\"widget\" data-widget_type=\"image.default\">\n\t\t\t\t<div class=\"elementor-widget-container\">\n\t\t\t\t\t\t\t\t\t\t\t\t\t\t\t<img loading=\"lazy\" decoding=\"async\" width=\"400\" height=\"400\" src=\"https:\/\/waltaha.com\/wp-content\/uploads\/2024\/12\/image-104.png\" class=\"attachment-large size-large wp-image-386\" alt=\"\" \/>\t\t\t\t\t\t\t\t\t\t\t\t\t\t\t<\/div>\n\t\t\t\t<\/div>\n\t\t\t\t<\/div>\n\t\t\t\t<div class=\"elementor-element elementor-element-06e5e07 elementor-widget elementor-widget-spacer\" data-id=\"06e5e07\" data-element_type=\"widget\" data-e-type=\"widget\" data-widget_type=\"spacer.default\">\n\t\t\t\t<div class=\"elementor-widget-container\">\n\t\t\t\t\t\t\t<div class=\"elementor-spacer\">\n\t\t\t<div class=\"elementor-spacer-inner\"><\/div>\n\t\t<\/div>\n\t\t\t\t\t\t<\/div>\n\t\t\t\t<\/div>\n\t\t\t\t\t<\/div>\n\t\t\t\t<\/div>\n\t\t<div class=\"elementor-element elementor-element-cf9848c e-flex e-con-boxed e-con e-parent\" data-id=\"cf9848c\" data-element_type=\"container\" data-e-type=\"container\" data-settings=\"{&quot;background_background&quot;:&quot;classic&quot;}\">\n\t\t\t\t\t<div class=\"e-con-inner\">\n\t\t\t\t<div class=\"elementor-element elementor-element-7961ebf elementor-widget elementor-widget-spacer\" data-id=\"7961ebf\" data-element_type=\"widget\" data-e-type=\"widget\" data-widget_type=\"spacer.default\">\n\t\t\t\t<div class=\"elementor-widget-container\">\n\t\t\t\t\t\t\t<div class=\"elementor-spacer\">\n\t\t\t<div class=\"elementor-spacer-inner\"><\/div>\n\t\t<\/div>\n\t\t\t\t\t\t<\/div>\n\t\t\t\t<\/div>\n\t\t\t\t\t<\/div>\n\t\t\t\t<\/div>\n\t\t<div class=\"elementor-element elementor-element-ae3bfbc e-con-full e-flex e-con e-parent\" data-id=\"ae3bfbc\" data-element_type=\"container\" data-e-type=\"container\" data-settings=\"{&quot;background_background&quot;:&quot;classic&quot;}\">\n\t\t\t\t<div class=\"elementor-element elementor-element-f1c8db0 elementor-widget elementor-widget-spacer\" data-id=\"f1c8db0\" data-element_type=\"widget\" data-e-type=\"widget\" data-widget_type=\"spacer.default\">\n\t\t\t\t<div class=\"elementor-widget-container\">\n\t\t\t\t\t\t\t<div class=\"elementor-spacer\">\n\t\t\t<div class=\"elementor-spacer-inner\"><\/div>\n\t\t<\/div>\n\t\t\t\t\t\t<\/div>\n\t\t\t\t<\/div>\n\t\t\t\t<div class=\"elementor-element elementor-element-84ef595 elementor-widget elementor-widget-heading\" data-id=\"84ef595\" data-element_type=\"widget\" data-e-type=\"widget\" data-widget_type=\"heading.default\">\n\t\t\t\t<div class=\"elementor-widget-container\">\n\t\t\t\t\t<h2 class=\"elementor-heading-title elementor-size-default\">Rejoignez notre club<\/h2>\t\t\t\t<\/div>\n\t\t\t\t<\/div>\n\t\t\t\t<div class=\"elementor-element elementor-element-929601a elementor-widget elementor-widget-text-editor\" data-id=\"929601a\" data-element_type=\"widget\" data-e-type=\"widget\" data-widget_type=\"text-editor.default\">\n\t\t\t\t<div class=\"elementor-widget-container\">\n\t\t\t\t\t\t\t\t\t<p>Inscrivez-vous \u00e0 notre newsletter et recevez <strong>10% de r\u00e9duction<\/strong> sur votre premi\u00e8re commande<\/p>\t\t\t\t\t\t\t\t<\/div>\n\t\t\t\t<\/div>\n\t\t\t\t<div class=\"elementor-element elementor-element-e134679 elementor-widget elementor-widget-html\" data-id=\"e134679\" data-element_type=\"widget\" data-e-type=\"widget\" data-widget_type=\"html.default\">\n\t\t\t\t<div class=\"elementor-widget-container\">\n\t\t\t\t\t<script charset=\"utf-8\" \ntype=\"text\/javascript\" src=\"\/\/js.hsforms.net\/forms\/embed\/v2.js\"><\/script>\n\n<script>\n  hbspt.forms.create({\n    portalId: \"49156108\",\n    formId: \"f0532a8d-dcbf-4c45-b096-8c675abc89ce\"\n  });\n<\/script>\n\t\t\t\t<\/div>\n\t\t\t\t<\/div>\n\t\t\t\t<div class=\"elementor-element elementor-element-d066531 elementor-widget elementor-widget-spacer\" data-id=\"d066531\" data-element_type=\"widget\" data-e-type=\"widget\" data-widget_type=\"spacer.default\">\n\t\t\t\t<div class=\"elementor-widget-container\">\n\t\t\t\t\t\t\t<div class=\"elementor-spacer\">\n\t\t\t<div class=\"elementor-spacer-inner\"><\/div>\n\t\t<\/div>\n\t\t\t\t\t\t<\/div>\n\t\t\t\t<\/div>\n\t\t\t\t<div class=\"elementor-element elementor-element-7ef355c elementor-widget-divider--view-line elementor-widget elementor-widget-divider\" data-id=\"7ef355c\" data-element_type=\"widget\" data-e-type=\"widget\" data-widget_type=\"divider.default\">\n\t\t\t\t<div class=\"elementor-widget-container\">\n\t\t\t\t\t\t\t<div class=\"elementor-divider\">\n\t\t\t<span class=\"elementor-divider-separator\">\n\t\t\t\t\t\t<\/span>\n\t\t<\/div>\n\t\t\t\t\t\t<\/div>\n\t\t\t\t<\/div>\n\t\t<div class=\"elementor-element elementor-element-ed70d71 e-con-full e-flex e-con e-child\" data-id=\"ed70d71\" data-element_type=\"container\" data-e-type=\"container\">\n\t\t\t\t<div class=\"elementor-element elementor-element-7f6f599 elementor-widget-mobile__width-inherit elementor-widget elementor-widget-text-editor\" data-id=\"7f6f599\" data-element_type=\"widget\" data-e-type=\"widget\" data-widget_type=\"text-editor.default\">\n\t\t\t\t<div class=\"elementor-widget-container\">\n\t\t\t\t\t\t\t\t\t<p>2024\u00a0\u00a9\u00a0WALTAHA.\u00a0Tous droits r\u00e9serv\u00e9s.<\/p>\t\t\t\t\t\t\t\t<\/div>\n\t\t\t\t<\/div>\n\t\t\t\t<\/div>\n\t\t\t\t<\/div>\n\t\t\t\t<\/div>\n\t\t","protected":false},"excerpt":{"rendered":"<p>V\u00eatementsf\u00e9minins modestes Bient\u00f4t disponible Rejoignez notre club Inscrivez-vous \u00e0 notre newsletter et recevez 10% de r\u00e9duction sur votre premi\u00e8re commande Le lancement est pr\u00e9vu pour l&#8217;\u00e9t\u00e9 2025 Des tenues modestes et traditionnelles, revisit\u00e9es avec une touche de modernit\u00e9 Rejoignez notre club Inscrivez-vous \u00e0 notre newsletter et recevez 10% de r\u00e9duction sur votre premi\u00e8re commande 2024\u00a0\u00a9\u00a0WALTAHA.\u00a0Tous [&hellip;]<\/p>\n","protected":false},"author":1,"featured_media":0,"parent":0,"menu_order":0,"comment_status":"closed","ping_status":"closed","template":"elementor_header_footer","meta":{"content-type":"","footnotes":""},"class_list":["post-8","page","type-page","status-publish","hentry"],"yoast_head":"<!-- This site is optimized with the Yoast SEO plugin v25.0 - https:\/\/yoast.com\/wordpress\/plugins\/seo\/ -->\n<title>V\u00eatements modeste pour femmes<\/title>\n<meta name=\"description\" content=\"D\u00e9couvrez des v\u00eatements modestes et \u00e9l\u00e9gants alliant style, confort et discr\u00e9tion. Robes longues, tuniques, jupes et pantalons amples pour une mode chic et respectueuse de vos valeurs. Adoptez l\u2019\u00e9l\u00e9gance intemporelle d\u00e8s aujourd\u2019hui\" \/>\n<meta name=\"robots\" content=\"index, follow, max-snippet:-1, max-image-preview:large, max-video-preview:-1\" \/>\n<link rel=\"canonical\" href=\"https:\/\/waltaha.com\/\" \/>\n<meta property=\"og:locale\" content=\"en_US\" \/>\n<meta property=\"og:type\" content=\"article\" \/>\n<meta property=\"og:title\" content=\"V\u00eatements modeste pour femmes\" \/>\n<meta property=\"og:description\" content=\"D\u00e9couvrez des v\u00eatements modestes et \u00e9l\u00e9gants alliant style, confort et discr\u00e9tion. Robes longues, tuniques, jupes et pantalons amples pour une mode chic et respectueuse de vos valeurs. Adoptez l\u2019\u00e9l\u00e9gance intemporelle d\u00e8s aujourd\u2019hui\" \/>\n<meta property=\"og:url\" content=\"https:\/\/waltaha.com\/\" \/>\n<meta property=\"og:site_name\" content=\"WALTAHA\" \/>\n<meta property=\"article:modified_time\" content=\"2025-02-06T09:23:19+00:00\" \/>\n<meta property=\"og:image\" content=\"https:\/\/waltaha.com\/wp-content\/uploads\/2024\/11\/waltaha-logo.png\" \/>\n\t<meta property=\"og:image:width\" content=\"383\" \/>\n\t<meta property=\"og:image:height\" content=\"231\" \/>\n\t<meta property=\"og:image:type\" content=\"image\/png\" \/>\n<meta name=\"twitter:card\" content=\"summary_large_image\" \/>\n<meta name=\"twitter:label1\" content=\"Est. reading time\" \/>\n\t<meta name=\"twitter:data1\" content=\"2 minutes\" \/>\n<script type=\"application\/ld+json\" class=\"yoast-schema-graph\">{\"@context\":\"https:\/\/schema.org\",\"@graph\":[{\"@type\":\"WebPage\",\"@id\":\"https:\/\/waltaha.com\/\",\"url\":\"https:\/\/waltaha.com\/\",\"name\":\"V\u00eatements modeste pour femmes\",\"isPartOf\":{\"@id\":\"https:\/\/waltaha.com\/#website\"},\"primaryImageOfPage\":{\"@id\":\"https:\/\/waltaha.com\/#primaryimage\"},\"image\":{\"@id\":\"https:\/\/waltaha.com\/#primaryimage\"},\"thumbnailUrl\":\"https:\/\/waltaha.com\/wp-content\/uploads\/2024\/11\/waltaha-logo.png\",\"datePublished\":\"2024-10-16T18:04:31+00:00\",\"dateModified\":\"2025-02-06T09:23:19+00:00\",\"description\":\"D\u00e9couvrez des v\u00eatements modestes et \u00e9l\u00e9gants alliant style, confort et discr\u00e9tion. Robes longues, tuniques, jupes et pantalons amples pour une mode chic et respectueuse de vos valeurs. Adoptez l\u2019\u00e9l\u00e9gance intemporelle d\u00e8s aujourd\u2019hui\",\"breadcrumb\":{\"@id\":\"https:\/\/waltaha.com\/#breadcrumb\"},\"inLanguage\":\"en-US\",\"potentialAction\":[{\"@type\":\"ReadAction\",\"target\":[\"https:\/\/waltaha.com\/\"]}]},{\"@type\":\"ImageObject\",\"inLanguage\":\"en-US\",\"@id\":\"https:\/\/waltaha.com\/#primaryimage\",\"url\":\"https:\/\/waltaha.com\/wp-content\/uploads\/2024\/11\/waltaha-logo.png\",\"contentUrl\":\"https:\/\/waltaha.com\/wp-content\/uploads\/2024\/11\/waltaha-logo.png\",\"width\":383,\"height\":231},{\"@type\":\"BreadcrumbList\",\"@id\":\"https:\/\/waltaha.com\/#breadcrumb\",\"itemListElement\":[{\"@type\":\"ListItem\",\"position\":1,\"name\":\"Home\",\"item\":\"https:\/\/waltaha.com\/\"},{\"@type\":\"ListItem\",\"position\":2,\"name\":\"Coming soon\"}]},{\"@type\":\"WebSite\",\"@id\":\"https:\/\/waltaha.com\/#website\",\"url\":\"https:\/\/waltaha.com\/\",\"name\":\"MAWT\",\"description\":\"Marque de V\u00eatements f\u00e9minins modestes\",\"publisher\":{\"@id\":\"https:\/\/waltaha.com\/#organization\"},\"potentialAction\":[{\"@type\":\"SearchAction\",\"target\":{\"@type\":\"EntryPoint\",\"urlTemplate\":\"https:\/\/waltaha.com\/?s={search_term_string}\"},\"query-input\":{\"@type\":\"PropertyValueSpecification\",\"valueRequired\":true,\"valueName\":\"search_term_string\"}}],\"inLanguage\":\"en-US\"},{\"@type\":\"Organization\",\"@id\":\"https:\/\/waltaha.com\/#organization\",\"name\":\"MAWT\",\"url\":\"https:\/\/waltaha.com\/\",\"logo\":{\"@type\":\"ImageObject\",\"inLanguage\":\"en-US\",\"@id\":\"https:\/\/waltaha.com\/#\/schema\/logo\/image\/\",\"url\":\"https:\/\/mawtparis.com\/wp-content\/uploads\/2024\/11\/Logo-MAWT.jpg\",\"contentUrl\":\"https:\/\/mawtparis.com\/wp-content\/uploads\/2024\/11\/Logo-MAWT.jpg\",\"width\":250,\"height\":150,\"caption\":\"MAWT\"},\"image\":{\"@id\":\"https:\/\/waltaha.com\/#\/schema\/logo\/image\/\"},\"sameAs\":[\"https:\/\/www.instagram.com\/mawtparis\/\"]}]}<\/script>\n<!-- \/ Yoast SEO plugin. -->","yoast_head_json":{"title":"V\u00eatements modeste pour femmes","description":"D\u00e9couvrez des v\u00eatements modestes et \u00e9l\u00e9gants alliant style, confort et discr\u00e9tion. Robes longues, tuniques, jupes et pantalons amples pour une mode chic et respectueuse de vos valeurs. Adoptez l\u2019\u00e9l\u00e9gance intemporelle d\u00e8s aujourd\u2019hui","robots":{"index":"index","follow":"follow","max-snippet":"max-snippet:-1","max-image-preview":"max-image-preview:large","max-video-preview":"max-video-preview:-1"},"canonical":"https:\/\/waltaha.com\/","og_locale":"en_US","og_type":"article","og_title":"V\u00eatements modeste pour femmes","og_description":"D\u00e9couvrez des v\u00eatements modestes et \u00e9l\u00e9gants alliant style, confort et discr\u00e9tion. Robes longues, tuniques, jupes et pantalons amples pour une mode chic et respectueuse de vos valeurs. Adoptez l\u2019\u00e9l\u00e9gance intemporelle d\u00e8s aujourd\u2019hui","og_url":"https:\/\/waltaha.com\/","og_site_name":"WALTAHA","article_modified_time":"2025-02-06T09:23:19+00:00","og_image":[{"width":383,"height":231,"url":"https:\/\/waltaha.com\/wp-content\/uploads\/2024\/11\/waltaha-logo.png","type":"image\/png"}],"twitter_card":"summary_large_image","twitter_misc":{"Est. reading time":"2 minutes"},"schema":{"@context":"https:\/\/schema.org","@graph":[{"@type":"WebPage","@id":"https:\/\/waltaha.com\/","url":"https:\/\/waltaha.com\/","name":"V\u00eatements modeste pour femmes","isPartOf":{"@id":"https:\/\/waltaha.com\/#website"},"primaryImageOfPage":{"@id":"https:\/\/waltaha.com\/#primaryimage"},"image":{"@id":"https:\/\/waltaha.com\/#primaryimage"},"thumbnailUrl":"https:\/\/waltaha.com\/wp-content\/uploads\/2024\/11\/waltaha-logo.png","datePublished":"2024-10-16T18:04:31+00:00","dateModified":"2025-02-06T09:23:19+00:00","description":"D\u00e9couvrez des v\u00eatements modestes et \u00e9l\u00e9gants alliant style, confort et discr\u00e9tion. Robes longues, tuniques, jupes et pantalons amples pour une mode chic et respectueuse de vos valeurs. Adoptez l\u2019\u00e9l\u00e9gance intemporelle d\u00e8s aujourd\u2019hui","breadcrumb":{"@id":"https:\/\/waltaha.com\/#breadcrumb"},"inLanguage":"en-US","potentialAction":[{"@type":"ReadAction","target":["https:\/\/waltaha.com\/"]}]},{"@type":"ImageObject","inLanguage":"en-US","@id":"https:\/\/waltaha.com\/#primaryimage","url":"https:\/\/waltaha.com\/wp-content\/uploads\/2024\/11\/waltaha-logo.png","contentUrl":"https:\/\/waltaha.com\/wp-content\/uploads\/2024\/11\/waltaha-logo.png","width":383,"height":231},{"@type":"BreadcrumbList","@id":"https:\/\/waltaha.com\/#breadcrumb","itemListElement":[{"@type":"ListItem","position":1,"name":"Home","item":"https:\/\/waltaha.com\/"},{"@type":"ListItem","position":2,"name":"Coming soon"}]},{"@type":"WebSite","@id":"https:\/\/waltaha.com\/#website","url":"https:\/\/waltaha.com\/","name":"MAWT","description":"Marque de V\u00eatements f\u00e9minins modestes","publisher":{"@id":"https:\/\/waltaha.com\/#organization"},"potentialAction":[{"@type":"SearchAction","target":{"@type":"EntryPoint","urlTemplate":"https:\/\/waltaha.com\/?s={search_term_string}"},"query-input":{"@type":"PropertyValueSpecification","valueRequired":true,"valueName":"search_term_string"}}],"inLanguage":"en-US"},{"@type":"Organization","@id":"https:\/\/waltaha.com\/#organization","name":"MAWT","url":"https:\/\/waltaha.com\/","logo":{"@type":"ImageObject","inLanguage":"en-US","@id":"https:\/\/waltaha.com\/#\/schema\/logo\/image\/","url":"https:\/\/mawtparis.com\/wp-content\/uploads\/2024\/11\/Logo-MAWT.jpg","contentUrl":"https:\/\/mawtparis.com\/wp-content\/uploads\/2024\/11\/Logo-MAWT.jpg","width":250,"height":150,"caption":"MAWT"},"image":{"@id":"https:\/\/waltaha.com\/#\/schema\/logo\/image\/"},"sameAs":["https:\/\/www.instagram.com\/mawtparis\/"]}]}},"_links":{"self":[{"href":"https:\/\/waltaha.com\/index.php\/wp-json\/wp\/v2\/pages\/8","targetHints":{"allow":["GET"]}}],"collection":[{"href":"https:\/\/waltaha.com\/index.php\/wp-json\/wp\/v2\/pages"}],"about":[{"href":"https:\/\/waltaha.com\/index.php\/wp-json\/wp\/v2\/types\/page"}],"author":[{"embeddable":true,"href":"https:\/\/waltaha.com\/index.php\/wp-json\/wp\/v2\/users\/1"}],"replies":[{"embeddable":true,"href":"https:\/\/waltaha.com\/index.php\/wp-json\/wp\/v2\/comments?post=8"}],"version-history":[{"count":226,"href":"https:\/\/waltaha.com\/index.php\/wp-json\/wp\/v2\/pages\/8\/revisions"}],"predecessor-version":[{"id":526,"href":"https:\/\/waltaha.com\/index.php\/wp-json\/wp\/v2\/pages\/8\/revisions\/526"}],"wp:attachment":[{"href":"https:\/\/waltaha.com\/index.php\/wp-json\/wp\/v2\/media?parent=8"}],"curies":[{"name":"wp","href":"https:\/\/api.w.org\/{rel}","templated":true}]}}